{"id":3,"date":"2025-05-14T15:51:54","date_gmt":"2025-05-14T15:51:54","guid":{"rendered":"https:\/\/birjina.com\/?page_id=3"},"modified":"2025-05-19T15:15:53","modified_gmt":"2025-05-19T15:15:53","slug":"politica-de-privacidad","status":"publish","type":"page","link":"https:\/\/birjina.com\/en\/politica-de-privacidad\/","title":{"rendered":"Pol\u00edtica de Privacidad"},"content":{"rendered":"<p>BIRJINA CONSULTORES, con domicilio ubicado en 40 Norte, Emiliano Zapata no. 9. San Andr\u00e9s Cholula Pue., es responsable del tratamiento de sus datos personales, conforme a lo establecido en la Ley Federal de Protecci\u00f3n de Datos Personales en Posesi\u00f3n de los Particulares (LFPDPPP).<\/p>\n\n\n\n<p><strong>Finalidades del tratamiento<\/strong><br><br>Sus datos personales ser\u00e1n utilizados exclusivamente para las siguientes finalidades primarias:<\/p>\n\n\n\n<ul class=\"wp-block-list\">\n<li>Atender y dar seguimiento a los servicios y\/o pedidos solicitados.<\/li>\n\n\n\n<li>Contactarlo directamente para fines relacionados con la prestaci\u00f3n de nuestros servicios.<\/li>\n\n\n\n<li>Brindarle un mejor servicio y ofrecerle informaci\u00f3n personalizada.<\/li>\n\n\n\n<li>BIRJINA CONSULTORES no realiza el tratamiento de sus datos personales para finalidades secundarias distintas a las aqu\u00ed mencionadas.<\/li>\n<\/ul>\n\n\n\n<p><strong>Datos personales recabados<br><\/strong><br>Para llevar a cabo las finalidades descritas, utilizaremos \u00fanicamente los siguientes datos personales:<\/p>\n\n\n\n<ul class=\"wp-block-list\">\n<li>Nombre<\/li>\n\n\n\n<li>Tel\u00e9fono<\/li>\n\n\n\n<li>Correo electr\u00f3nico (email)<\/li>\n<\/ul>\n\n\n\n<p>Transferencia de datos personales<\/p>\n\n\n\n<p>Sus datos personales no ser\u00e1n compartidos con autoridades, empresas, organizaciones o personas distintas a BIRJINA CONSULTORES y ser\u00e1n utilizados exclusivamente para los fines se\u00f1alados anteriormente.<br><br>Derechos ARCO (Acceso, Rectificaci\u00f3n, Cancelaci\u00f3n y Oposici\u00f3n)<\/p>\n\n\n\n<p>Usted tiene en todo momento el derecho a:<\/p>\n\n\n\n<ul class=\"wp-block-list\">\n<li>Conocer qu\u00e9 datos personales tenemos de usted, para qu\u00e9 los utilizamos y las condiciones del uso que les damos (Acceso).<\/li>\n\n\n\n<li>Solicitar la correcci\u00f3n de su informaci\u00f3n personal si est\u00e1 desactualizada, es inexacta o incompleta (Rectificaci\u00f3n).<\/li>\n\n\n\n<li>Solicitar que eliminemos su informaci\u00f3n personal de nuestros registros o bases de datos cuando considere que no est\u00e1 siendo utilizada adecuadamente (Cancelaci\u00f3n).<\/li>\n\n\n\n<li>ponerse al uso de sus datos personales para fines espec\u00edficos (Oposici\u00f3n).<\/li>\n<\/ul>\n\n\n\n<p><strong>Para ejercer cualquiera de estos derechos ARCO, deber\u00e1 enviar una solicitud al correo electr\u00f3nico<a href=\"mailto:legal@birjina.com\"> legal@bijina.com<\/a>\u00a0con la siguiente informaci\u00f3n:<\/strong><\/p>\n\n\n\n<ul class=\"wp-block-list\">\n<li>Nombre completo del titular.<\/li>\n\n\n\n<li>Medio por el cual desea recibir la respuesta (correo electr\u00f3nico).<\/li>\n\n\n\n<li>Documentos que acrediten su identidad o, en su caso, la representaci\u00f3n legal.<\/li>\n\n\n\n<li>Descripci\u00f3n clara y precisa de los datos personales sobre los cuales desea ejercer alg\u00fan derecho ARCO.<\/li>\n\n\n\n<li>Firma aut\u00f3grafa del titular (o representante legal, si aplica).<\/li>\n<\/ul>\n\n\n\n<p><strong>Su solicitud ser\u00e1 atendida en un plazo m\u00e1ximo de 15 d\u00edas h\u00e1biles.<\/strong><\/p>\n\n\n\n<p><strong>Revocaci\u00f3n del consentimiento<\/strong><\/p>\n\n\n\n<p>Usted podr\u00e1 revocar en cualquier momento el consentimiento que haya otorgado para el tratamiento de sus datos personales. Para esto, deber\u00e1 enviar una solicitud a\u00a0<strong><a href=\"mailto:info@figand.net\"><strong><a href=\"mailto:legal@birjina.com\">legal@bijina.com<\/a><\/strong><\/a><\/strong>\u00a0. La respuesta a su petici\u00f3n ser\u00e1 proporcionada en un plazo m\u00e1ximo de 15 d\u00edas h\u00e1biles.<\/p>\n\n\n\n<p>Tenga en cuenta que la revocaci\u00f3n del consentimiento puede implicar que no podamos seguir prestando los servicios solicitados, lo que podr\u00eda derivar en la conclusi\u00f3n de nuestra relaci\u00f3n comercial.<\/p>\n\n\n\n<p><strong>Modificaciones al Aviso de Privacidad<\/strong><\/p>\n\n\n\n<p>Este aviso de privacidad puede ser modificado o actualizado por cambios en nuestro modelo de negocio, o por requerimientos legales o administrativos. Cualquier cambio ser\u00e1 comunicado a trav\u00e9s de nuestro sitio web <a href=\"https:\/\/birjina.com\/en\/\">https:\/\/birjina.com\/<\/a>. Para verificar si ha habido modificaciones recientes, puede escribirnos al correo electr\u00f3nico\u00a0<a href=\"mailto:legal@birjina.com\">legal@birjina.com<\/a><\/p>\n\n\n\n<p><strong>Fecha \u00faltima actualizaci\u00f3n: 01-01-2025<\/strong><\/p>\n\n\n\n<p><\/p>","protected":false},"excerpt":{"rendered":"<p>BIRJINA CONSULTORES, con domicilio ubicado en 40 Norte, Emiliano Zapata no. 9. San Andr\u00e9s Cholula Pue., es responsable del tratamiento de sus datos personales, conforme a lo establecido en la Ley Federal de Protecci\u00f3n de Datos Personales en Posesi\u00f3n de los Particulares (LFPDPPP). Finalidades del tratamiento Sus datos personales ser\u00e1n utilizados exclusivamente para las siguientes [&hellip;]<\/p>","protected":false},"author":1,"featured_media":0,"parent":0,"menu_order":0,"comment_status":"closed","ping_status":"open","template":"","meta":{"footnotes":""},"class_list":["post-3","page","type-page","status-publish","hentry"],"yoast_head":"<!-- This site is optimized with the Yoast SEO plugin v25.3 - https:\/\/yoast.com\/wordpress\/plugins\/seo\/ -->\n<title>Pol\u00edtica de Privacidad - Soluciones Integrales en Construcci\u00f3n e Infraestructura<\/title>\n<meta name=\"robots\" content=\"index, follow, max-snippet:-1, max-image-preview:large, max-video-preview:-1\" \/>\n<link rel=\"canonical\" href=\"https:\/\/birjina.com\/en\/politica-de-privacidad\/\" \/>\n<meta property=\"og:locale\" content=\"en_US\" \/>\n<meta property=\"og:type\" content=\"article\" \/>\n<meta property=\"og:title\" content=\"Pol\u00edtica de Privacidad - Soluciones Integrales en Construcci\u00f3n e Infraestructura\" \/>\n<meta property=\"og:description\" content=\"BIRJINA CONSULTORES, con domicilio ubicado en 40 Norte, Emiliano Zapata no. 9. San Andr\u00e9s Cholula Pue., es responsable del tratamiento de sus datos personales, conforme a lo establecido en la Ley Federal de Protecci\u00f3n de Datos Personales en Posesi\u00f3n de los Particulares (LFPDPPP). Finalidades del tratamiento Sus datos personales ser\u00e1n utilizados exclusivamente para las siguientes [&hellip;]\" \/>\n<meta property=\"og:url\" content=\"https:\/\/birjina.com\/en\/politica-de-privacidad\/\" \/>\n<meta property=\"og:site_name\" content=\"Soluciones Integrales en Construcci\u00f3n e Infraestructura\" \/>\n<meta property=\"article:publisher\" content=\"https:\/\/www.facebook.com\/profile.php?id=61576484431770\" \/>\n<meta property=\"article:modified_time\" content=\"2025-05-19T15:15:53+00:00\" \/>\n<meta name=\"twitter:card\" content=\"summary_large_image\" \/>\n<meta name=\"twitter:label1\" content=\"Est. reading time\" \/>\n\t<meta name=\"twitter:data1\" content=\"2 minutes\" \/>\n<script type=\"application\/ld+json\" class=\"yoast-schema-graph\">{\"@context\":\"https:\/\/schema.org\",\"@graph\":[{\"@type\":\"WebPage\",\"@id\":\"https:\/\/birjina.com\/politica-de-privacidad\/\",\"url\":\"https:\/\/birjina.com\/politica-de-privacidad\/\",\"name\":\"Pol\u00edtica de Privacidad - Soluciones Integrales en Construcci\u00f3n e Infraestructura\",\"isPartOf\":{\"@id\":\"https:\/\/birjina.com\/#website\"},\"datePublished\":\"2025-05-14T15:51:54+00:00\",\"dateModified\":\"2025-05-19T15:15:53+00:00\",\"breadcrumb\":{\"@id\":\"https:\/\/birjina.com\/politica-de-privacidad\/#breadcrumb\"},\"inLanguage\":\"en-US\",\"potentialAction\":[{\"@type\":\"ReadAction\",\"target\":[\"https:\/\/birjina.com\/politica-de-privacidad\/\"]}]},{\"@type\":\"BreadcrumbList\",\"@id\":\"https:\/\/birjina.com\/politica-de-privacidad\/#breadcrumb\",\"itemListElement\":[{\"@type\":\"ListItem\",\"position\":1,\"name\":\"Portada\",\"item\":\"https:\/\/birjina.com\/en\/\"},{\"@type\":\"ListItem\",\"position\":2,\"name\":\"Pol\u00edtica de Privacidad\"}]},{\"@type\":\"WebSite\",\"@id\":\"https:\/\/birjina.com\/#website\",\"url\":\"https:\/\/birjina.com\/\",\"name\":\"Soluciones Integrales en Construcci\u00f3n e Infraestructura\",\"description\":\"Birjina\",\"publisher\":{\"@id\":\"https:\/\/birjina.com\/#organization\"},\"potentialAction\":[{\"@type\":\"SearchAction\",\"target\":{\"@type\":\"EntryPoint\",\"urlTemplate\":\"https:\/\/birjina.com\/?s={search_term_string}\"},\"query-input\":{\"@type\":\"PropertyValueSpecification\",\"valueRequired\":true,\"valueName\":\"search_term_string\"}}],\"inLanguage\":\"en-US\"},{\"@type\":\"Organization\",\"@id\":\"https:\/\/birjina.com\/#organization\",\"name\":\"BIRJINA\",\"url\":\"https:\/\/birjina.com\/\",\"logo\":{\"@type\":\"ImageObject\",\"inLanguage\":\"en-US\",\"@id\":\"https:\/\/birjina.com\/#\/schema\/logo\/image\/\",\"url\":\"https:\/\/birjina.com\/wp-content\/uploads\/2025\/02\/logo-birjina-color-footer.png\",\"contentUrl\":\"https:\/\/birjina.com\/wp-content\/uploads\/2025\/02\/logo-birjina-color-footer.png\",\"width\":151,\"height\":61,\"caption\":\"BIRJINA\"},\"image\":{\"@id\":\"https:\/\/birjina.com\/#\/schema\/logo\/image\/\"},\"sameAs\":[\"https:\/\/www.facebook.com\/profile.php?id=61576484431770\",\"https:\/\/www.instagram.com\/birjinaconstrucciones\/\"]}]}<\/script>\n<!-- \/ Yoast SEO plugin. -->","yoast_head_json":{"title":"Pol\u00edtica de Privacidad - Soluciones Integrales en Construcci\u00f3n e Infraestructura","robots":{"index":"index","follow":"follow","max-snippet":"max-snippet:-1","max-image-preview":"max-image-preview:large","max-video-preview":"max-video-preview:-1"},"canonical":"https:\/\/birjina.com\/en\/politica-de-privacidad\/","og_locale":"en_US","og_type":"article","og_title":"Pol\u00edtica de Privacidad - Soluciones Integrales en Construcci\u00f3n e Infraestructura","og_description":"BIRJINA CONSULTORES, con domicilio ubicado en 40 Norte, Emiliano Zapata no. 9. San Andr\u00e9s Cholula Pue., es responsable del tratamiento de sus datos personales, conforme a lo establecido en la Ley Federal de Protecci\u00f3n de Datos Personales en Posesi\u00f3n de los Particulares (LFPDPPP). Finalidades del tratamiento Sus datos personales ser\u00e1n utilizados exclusivamente para las siguientes [&hellip;]","og_url":"https:\/\/birjina.com\/en\/politica-de-privacidad\/","og_site_name":"Soluciones Integrales en Construcci\u00f3n e Infraestructura","article_publisher":"https:\/\/www.facebook.com\/profile.php?id=61576484431770","article_modified_time":"2025-05-19T15:15:53+00:00","twitter_card":"summary_large_image","twitter_misc":{"Est. reading time":"2 minutes"},"schema":{"@context":"https:\/\/schema.org","@graph":[{"@type":"WebPage","@id":"https:\/\/birjina.com\/politica-de-privacidad\/","url":"https:\/\/birjina.com\/politica-de-privacidad\/","name":"Pol\u00edtica de Privacidad - Soluciones Integrales en Construcci\u00f3n e Infraestructura","isPartOf":{"@id":"https:\/\/birjina.com\/#website"},"datePublished":"2025-05-14T15:51:54+00:00","dateModified":"2025-05-19T15:15:53+00:00","breadcrumb":{"@id":"https:\/\/birjina.com\/politica-de-privacidad\/#breadcrumb"},"inLanguage":"en-US","potentialAction":[{"@type":"ReadAction","target":["https:\/\/birjina.com\/politica-de-privacidad\/"]}]},{"@type":"BreadcrumbList","@id":"https:\/\/birjina.com\/politica-de-privacidad\/#breadcrumb","itemListElement":[{"@type":"ListItem","position":1,"name":"Portada","item":"https:\/\/birjina.com\/en\/"},{"@type":"ListItem","position":2,"name":"Pol\u00edtica de Privacidad"}]},{"@type":"WebSite","@id":"https:\/\/birjina.com\/#website","url":"https:\/\/birjina.com\/","name":"Soluciones Integrales en Construcci\u00f3n e Infraestructura","description":"Birjina","publisher":{"@id":"https:\/\/birjina.com\/#organization"},"potentialAction":[{"@type":"SearchAction","target":{"@type":"EntryPoint","urlTemplate":"https:\/\/birjina.com\/?s={search_term_string}"},"query-input":{"@type":"PropertyValueSpecification","valueRequired":true,"valueName":"search_term_string"}}],"inLanguage":"en-US"},{"@type":"Organization","@id":"https:\/\/birjina.com\/#organization","name":"BIRJINA","url":"https:\/\/birjina.com\/","logo":{"@type":"ImageObject","inLanguage":"en-US","@id":"https:\/\/birjina.com\/#\/schema\/logo\/image\/","url":"https:\/\/birjina.com\/wp-content\/uploads\/2025\/02\/logo-birjina-color-footer.png","contentUrl":"https:\/\/birjina.com\/wp-content\/uploads\/2025\/02\/logo-birjina-color-footer.png","width":151,"height":61,"caption":"BIRJINA"},"image":{"@id":"https:\/\/birjina.com\/#\/schema\/logo\/image\/"},"sameAs":["https:\/\/www.facebook.com\/profile.php?id=61576484431770","https:\/\/www.instagram.com\/birjinaconstrucciones\/"]}]}},"_links":{"self":[{"href":"https:\/\/birjina.com\/en\/wp-json\/wp\/v2\/pages\/3","targetHints":{"allow":["GET"]}}],"collection":[{"href":"https:\/\/birjina.com\/en\/wp-json\/wp\/v2\/pages"}],"about":[{"href":"https:\/\/birjina.com\/en\/wp-json\/wp\/v2\/types\/page"}],"author":[{"embeddable":true,"href":"https:\/\/birjina.com\/en\/wp-json\/wp\/v2\/users\/1"}],"replies":[{"embeddable":true,"href":"https:\/\/birjina.com\/en\/wp-json\/wp\/v2\/comments?post=3"}],"version-history":[{"count":1,"href":"https:\/\/birjina.com\/en\/wp-json\/wp\/v2\/pages\/3\/revisions"}],"predecessor-version":[{"id":8490,"href":"https:\/\/birjina.com\/en\/wp-json\/wp\/v2\/pages\/3\/revisions\/8490"}],"wp:attachment":[{"href":"https:\/\/birjina.com\/en\/wp-json\/wp\/v2\/media?parent=3"}],"curies":[{"name":"wp","href":"https:\/\/api.w.org\/{rel}","templated":true}]}}